{"id":41,"date":"2016-03-07T16:18:45","date_gmt":"2016-03-07T16:18:45","guid":{"rendered":"http:\/\/zeabbdo.com\/?page_id=41"},"modified":"2019-10-16T02:17:11","modified_gmt":"2019-10-16T02:17:11","slug":"nosotros","status":"publish","type":"page","link":"http:\/\/zeabbdo.com\/?page_id=41","title":{"rendered":"Nosotros"},"content":{"rendered":"<section class=\"wpb-content-wrapper\">[vc_row full_width=\u00bbstretch_row_content\u00bb content_placement=\u00bbtop\u00bb][vc_column][vc_single_image image=\u00bb44&#8243; img_size=\u00bbfull\u00bb alignment=\u00bbcenter\u00bb css_animation=\u00bbbottom-to-top\u00bb][\/vc_column][\/vc_row][vc_row][vc_column][\/vc_column][\/vc_row][vc_row][vc_column][vc_column_text css_animation=\u00bbbottom-to-top\u00bb]En 1994 BBDO World Wide compra el 50% de las acciones de una empresa en Caracas, dando inicio a BBDO Venezuela. Posteriormente, en el 2006 los asociados en Venezuela, venden sus participaciones a la familia Atencio y nace ZEA BBDO, C.A.<\/p>\n<p>Hoy en d\u00eda, pertenecemos a una red con m\u00e1s de 289 agencias en 81 pa\u00edses, todas centradas en la filosof\u00eda:<\/p>\n<h2 style=\"text-align: center;\">The Work. The Work. The Work.<\/h2>\n<p>Dando como resultado, nuestra sana obsesi\u00f3n por hacer buen trabajo que funcione, genere mejores oportunidades de negocio para nuestros clientes y logre reconocimientos nacionales e internacionales.<\/p>\n<p>En ZEA BBDO nuestros valores son la columna vertebral de la empresa, basados en: honestidad, humildad, eficacia, cohesi\u00f3n, creatividad y servicio al cliente, logrando as\u00ed una agencia consolidada en su cultura organizacional.[\/vc_column_text][\/vc_column][\/vc_row]\n<\/section>","protected":false},"excerpt":{"rendered":"[vc_row full_width=\u00bbstretch_row_content\u00bb content_placement=\u00bbtop\u00bb][vc_column][vc_single_image image=\u00bb44&#8243; img_size=\u00bbfull\u00bb alignment=\u00bbcenter\u00bb css_animation=\u00bbbottom-to-top\u00bb][\/vc_column][\/vc_row][vc_row][vc_column][\/vc_column][\/vc_row][vc_row][vc_column][vc_column_text css_animation=\u00bbbottom-to-top\u00bb]En 1994 BBDO World Wide compra el 50% de las acciones de una empresa en Caracas, dando inicio a BBDO Venezuela. Posteriormente, en el 2006 los asociados en Venezuela, venden sus participaciones a la familia Atencio y nace ZEA BBDO, C.A. Hoy en d\u00eda, pertenecemos a una red [&#8230;]\n","protected":false},"author":1,"featured_media":0,"parent":0,"menu_order":0,"comment_status":"closed","ping_status":"closed","template":"","meta":{"_links_to":"","_links_to_target":""},"_links":{"self":[{"href":"http:\/\/zeabbdo.com\/index.php?rest_route=\/wp\/v2\/pages\/41"}],"collection":[{"href":"http:\/\/zeabbdo.com\/index.php?rest_route=\/wp\/v2\/pages"}],"about":[{"href":"http:\/\/zeabbdo.com\/index.php?rest_route=\/wp\/v2\/types\/page"}],"author":[{"embeddable":true,"href":"http:\/\/zeabbdo.com\/index.php?rest_route=\/wp\/v2\/users\/1"}],"replies":[{"embeddable":true,"href":"http:\/\/zeabbdo.com\/index.php?rest_route=%2Fwp%2Fv2%2Fcomments&post=41"}],"version-history":[{"count":3,"href":"http:\/\/zeabbdo.com\/index.php?rest_route=\/wp\/v2\/pages\/41\/revisions"}],"predecessor-version":[{"id":1099,"href":"http:\/\/zeabbdo.com\/index.php?rest_route=\/wp\/v2\/pages\/41\/revisions\/1099"}],"wp:attachment":[{"href":"http:\/\/zeabbdo.com\/index.php?rest_route=%2Fwp%2Fv2%2Fmedia&parent=41"}],"curies":[{"name":"wp","href":"https:\/\/api.w.org\/{rel}","templated":true}]}}