{"id":45,"date":"2016-03-07T16:29:32","date_gmt":"2016-03-07T16:29:32","guid":{"rendered":"http:\/\/zeabbdo.com\/?page_id=45"},"modified":"2019-10-20T11:45:09","modified_gmt":"2019-10-20T11:45:09","slug":"nuestros-asociados","status":"publish","type":"page","link":"http:\/\/zeabbdo.com\/?page_id=45","title":{"rendered":"Nuestros asociados"},"content":{"rendered":"<section class=\"wpb-content-wrapper\">[vc_row full_width=\u00bbstretch_row\u00bb content_placement=\u00bbmiddle\u00bb css=\u00bb.vc_custom_1529887941140{background-color: #fcfcfc !important;}\u00bb][vc_column width=\u00bb1\/2&#8243;][vc_column_text css_animation=\u00bbright-to-left\u00bb]\n<h2 style=\"text-align: right;\">PHD<\/h2>\n<p style=\"text-align: right;\">Fundada en Londres en 1990 como la primera agencia de planificaci\u00f3n dirigida de medios, PHD es innovadora en estrategias de comunicaciones y compras a trav\u00e9s de transmisi\u00f3n, impresi\u00f3n, digital, mobile, social y medios emergentes. Construida sobre una cultura de liderazgo, creatividad e innovaci\u00f3n; la filosof\u00eda de PHD es \u201cencontrar una mejor manera\u201d para los clientes.<\/p>\n[\/vc_column_text][vc_btn title=\u00bbIr a www.phdmedia.com\u00bb color=\u00bbdanger\u00bb align=\u00bbright\u00bb css_animation=\u00bbleft-to-right\u00bb link=\u00bburl:http%3A%2F%2Fwww.phdmedia.com||target:%20_blank|\u00bb][\/vc_column][vc_column width=\u00bb1\/2&#8243;][vc_single_image image=\u00bb407&#8243; img_size=\u00bbmedium\u00bb alignment=\u00bbcenter\u00bb css_animation=\u00bbright-to-left\u00bb][\/vc_column][\/vc_row][vc_row full_width=\u00bbstretch_row_content_no_spaces\u00bb full_height=\u00bbyes\u00bb css=\u00bb.vc_custom_1559739733006{margin-bottom: -70px !important;background-color: #ededed !important;}\u00bb][vc_column width=\u00bb1\/2&#8243;][vc_single_image image=\u00bb410&#8243; img_size=\u00bbmedium\u00bb alignment=\u00bbcenter\u00bb css_animation=\u00bbleft-to-right\u00bb][\/vc_column][vc_column width=\u00bb1\/2&#8243; css=\u00bb.vc_custom_1529888825654{margin-right: 10px !important;}\u00bb][vc_column_text css_animation=\u00bbleft-to-right\u00bb el_class=\u00bbtexto20&#8243;]\n<h2>Proximity<\/h2>\n<p>El Diccionario Ingl\u00e9s de Oxford define proximity como \u201cla proximidad en el espacio, el tiempo y las relaciones\u201d.<br \/>\nHemos abreviado esta descripci\u00f3n en una palabra: cercan\u00eda, la que captura lo que somos y representa nuestros or\u00edgenes en el marketing directo, digital y CRM.<\/p>\n<p>Somos parte de una red global con 67 oficinas en 50 pa\u00edses, con todas las herramientas y procesos necesarios para crear relaciones m\u00e1s fuertes entre marcas y consumidores.[\/vc_column_text][vc_btn title=\u00bbIr a www.proximityworld.com\u00bb color=\u00bbdanger\u00bb css_animation=\u00bbright-to-left\u00bb link=\u00bburl:http%3A%2F%2Fwww.proximityworld.com||target:%20_blank|\u00bb el_class=\u00bbproxm\u00bb][vc_empty_space][\/vc_column][\/vc_row]\n<\/section>","protected":false},"excerpt":{"rendered":"[vc_row full_width=\u00bbstretch_row\u00bb content_placement=\u00bbmiddle\u00bb css=\u00bb.vc_custom_1529887941140{background-color: #fcfcfc !important;}\u00bb][vc_column width=\u00bb1\/2&#8243;][vc_column_text css_animation=\u00bbright-to-left\u00bb] PHD Fundada en Londres en 1990 como la primera agencia de planificaci\u00f3n dirigida de medios, PHD es innovadora en estrategias de comunicaciones y compras a trav\u00e9s de transmisi\u00f3n, impresi\u00f3n, digital, mobile, social y medios emergentes. Construida sobre una cultura de liderazgo, creatividad e innovaci\u00f3n; la filosof\u00eda de [&#8230;]\n","protected":false},"author":1,"featured_media":0,"parent":0,"menu_order":0,"comment_status":"closed","ping_status":"closed","template":"","meta":{"_links_to":"","_links_to_target":""},"_links":{"self":[{"href":"http:\/\/zeabbdo.com\/index.php?rest_route=\/wp\/v2\/pages\/45"}],"collection":[{"href":"http:\/\/zeabbdo.com\/index.php?rest_route=\/wp\/v2\/pages"}],"about":[{"href":"http:\/\/zeabbdo.com\/index.php?rest_route=\/wp\/v2\/types\/page"}],"author":[{"embeddable":true,"href":"http:\/\/zeabbdo.com\/index.php?rest_route=\/wp\/v2\/users\/1"}],"replies":[{"embeddable":true,"href":"http:\/\/zeabbdo.com\/index.php?rest_route=%2Fwp%2Fv2%2Fcomments&post=45"}],"version-history":[{"count":11,"href":"http:\/\/zeabbdo.com\/index.php?rest_route=\/wp\/v2\/pages\/45\/revisions"}],"predecessor-version":[{"id":1120,"href":"http:\/\/zeabbdo.com\/index.php?rest_route=\/wp\/v2\/pages\/45\/revisions\/1120"}],"wp:attachment":[{"href":"http:\/\/zeabbdo.com\/index.php?rest_route=%2Fwp%2Fv2%2Fmedia&parent=45"}],"curies":[{"name":"wp","href":"https:\/\/api.w.org\/{rel}","templated":true}]}}